{"id":1328,"date":"2025-07-31T09:56:11","date_gmt":"2025-07-31T07:56:11","guid":{"rendered":"https:\/\/smb.edu.rs\/politika-casopisa\/"},"modified":"2025-11-03T13:06:52","modified_gmt":"2025-11-03T12:06:52","slug":"politika-casopisa","status":"publish","type":"page","link":"https:\/\/smb.edu.rs\/sr\/politika-casopisa\/","title":{"rendered":"Politika \u010dasopisa"},"content":{"rendered":"<p data-start=\"51\" data-end=\"350\">\u010casopis <strong data-start=\"59\" data-end=\"94\">Sport, Media and Business (SMB)<\/strong> posve\u0107en je \u0161irokom spektru tema iz oblasti sporta, uklju\u010duju\u0107i fizi\u010dko vaspitanje, sportski trening i kou\u010ding, menad\u017ement u sportu, sportski marketing, sportsku medicinu, sportsko novinarstvo i medije, istoriju sporta, kao i fitnes i zdravlje u sportu.<\/p>\n<p data-start=\"352\" data-end=\"502\">\u010casopis objavljuje <strong data-start=\"371\" data-end=\"409\">originalne nau\u010dne i stru\u010dne radove<\/strong> koji prethodno nisu bili objavljeni niti su u procesu razmatranja u nekom drugom \u010dasopisu.<\/p>\n<p data-start=\"504\" data-end=\"622\"><strong data-start=\"504\" data-end=\"511\">SMB<\/strong> je \u010dasopis sa <strong data-start=\"526\" data-end=\"549\">otvorenim pristupom<\/strong>, \u0161to zna\u010di da je sav njegov sadr\u017eaj slobodno dostupan bez ograni\u010denja.<\/p>\n<p data-start=\"624\" data-end=\"746\">Rukopisi se podnose <strong data-start=\"644\" data-end=\"667\">na engleskom jeziku<\/strong>, a svaka prijava mora sadr\u017eati i <strong data-start=\"701\" data-end=\"743\">apstrakt (sa\u017eetak) na engleskom jeziku<\/strong>.<\/p>\n<p data-start=\"748\" data-end=\"802\">\u010casopis izlazi <strong data-start=\"763\" data-end=\"787\">\u010detiri puta godi\u0161nje<\/strong> (kvartalno).<\/p>\n<p data-start=\"804\" data-end=\"1071\" data-is-last-node=\"\" data-is-only-node=\"\">Digitalne kopije \u010dasopisa arhiviraju se u <strong data-start=\"846\" data-end=\"905\">Biblioteci obaveznog primerka Narodne biblioteke Srbije<\/strong>, kao i u <strong data-start=\"915\" data-end=\"953\">Internet Arhivi (Internet Archive)<\/strong> \u2013 neprofitnoj digitalnoj biblioteci koja \u010duva milione slobodno dostupnih knjiga, \u010dlanaka i drugih nau\u010dnih materijala.<\/p>\n","protected":false},"excerpt":{"rendered":"<p>\u010casopis Sport, Media and Business (SMB) posve\u0107en je \u0161irokom spektru tema iz oblasti sporta, uklju\u010duju\u0107i fizi\u010dko vaspitanje, sportski trening i kou\u010ding, menad\u017ement u sportu, sportski marketing, sportsku medicinu, sportsko novinarstvo i medije, istoriju sporta, kao i fitnes i zdravlje u sportu. \u010casopis objavljuje originalne nau\u010dne i stru\u010dne radove koji prethodno nisu bili objavljeni niti su [&hellip;]<\/p>\n","protected":false},"author":2,"featured_media":0,"parent":0,"menu_order":0,"comment_status":"closed","ping_status":"closed","template":"page-for-journal-policy.php","meta":{"_acf_changed":false,"_seopress_robots_primary_cat":"","_seopress_titles_title":"","_seopress_titles_desc":"","_seopress_robots_index":"","footnotes":""},"class_list":["post-1328","page","type-page","status-publish","hentry"],"acf":[],"_links":{"self":[{"href":"https:\/\/smb.edu.rs\/sr\/wp-json\/wp\/v2\/pages\/1328","targetHints":{"allow":["GET"]}}],"collection":[{"href":"https:\/\/smb.edu.rs\/sr\/wp-json\/wp\/v2\/pages"}],"about":[{"href":"https:\/\/smb.edu.rs\/sr\/wp-json\/wp\/v2\/types\/page"}],"author":[{"embeddable":true,"href":"https:\/\/smb.edu.rs\/sr\/wp-json\/wp\/v2\/users\/2"}],"replies":[{"embeddable":true,"href":"https:\/\/smb.edu.rs\/sr\/wp-json\/wp\/v2\/comments?post=1328"}],"version-history":[{"count":5,"href":"https:\/\/smb.edu.rs\/sr\/wp-json\/wp\/v2\/pages\/1328\/revisions"}],"predecessor-version":[{"id":1468,"href":"https:\/\/smb.edu.rs\/sr\/wp-json\/wp\/v2\/pages\/1328\/revisions\/1468"}],"wp:attachment":[{"href":"https:\/\/smb.edu.rs\/sr\/wp-json\/wp\/v2\/media?parent=1328"}],"curies":[{"name":"wp","href":"https:\/\/api.w.org\/{rel}","templated":true}]}}