{"id":1320,"date":"2022-07-05T13:52:17","date_gmt":"2022-07-05T11:52:17","guid":{"rendered":"https:\/\/smb.edu.rs\/izjava-o-privatnosti\/"},"modified":"2025-11-03T05:58:59","modified_gmt":"2025-11-03T04:58:59","slug":"izjava-o-privatnosti","status":"publish","type":"page","link":"https:\/\/smb.edu.rs\/sr\/izjava-o-privatnosti\/","title":{"rendered":"Izjava o privatnosti"},"content":{"rendered":"<p>Imena i adrese elektronske po\u0161te uneseni na ovom sajtu \u010dasopisa koristi\u0107e se isklju\u010divo u svrhe navedene u okviru ovog \u010dasopisa i ne\u0107e biti dostupni za bilo koju drugu namenu ili tre\u0107im licima.<\/p>\n","protected":false},"excerpt":{"rendered":"<p>Imena i adrese elektronske po\u0161te uneseni na ovom sajtu \u010dasopisa koristi\u0107e se isklju\u010divo u svrhe navedene u okviru ovog \u010dasopisa i ne\u0107e biti dostupni za bilo koju drugu namenu ili tre\u0107im licima.<\/p>\n","protected":false},"author":1,"featured_media":0,"parent":0,"menu_order":0,"comment_status":"closed","ping_status":"open","template":"","meta":{"_acf_changed":false,"_seopress_robots_primary_cat":"","_seopress_titles_title":"","_seopress_titles_desc":"","_seopress_robots_index":"","footnotes":""},"class_list":["post-1320","page","type-page","status-publish","hentry"],"acf":[],"_links":{"self":[{"href":"https:\/\/smb.edu.rs\/sr\/wp-json\/wp\/v2\/pages\/1320","targetHints":{"allow":["GET"]}}],"collection":[{"href":"https:\/\/smb.edu.rs\/sr\/wp-json\/wp\/v2\/pages"}],"about":[{"href":"https:\/\/smb.edu.rs\/sr\/wp-json\/wp\/v2\/types\/page"}],"author":[{"embeddable":true,"href":"https:\/\/smb.edu.rs\/sr\/wp-json\/wp\/v2\/users\/1"}],"replies":[{"embeddable":true,"href":"https:\/\/smb.edu.rs\/sr\/wp-json\/wp\/v2\/comments?post=1320"}],"version-history":[{"count":1,"href":"https:\/\/smb.edu.rs\/sr\/wp-json\/wp\/v2\/pages\/1320\/revisions"}],"predecessor-version":[{"id":1435,"href":"https:\/\/smb.edu.rs\/sr\/wp-json\/wp\/v2\/pages\/1320\/revisions\/1435"}],"wp:attachment":[{"href":"https:\/\/smb.edu.rs\/sr\/wp-json\/wp\/v2\/media?parent=1320"}],"curies":[{"name":"wp","href":"https:\/\/api.w.org\/{rel}","templated":true}]}}